{"id":1141,"date":"2019-03-25T10:59:45","date_gmt":"2019-03-25T09:59:45","guid":{"rendered":"http:\/\/babicadedek.si\/ponudba\/pekovski-izdelki\/"},"modified":"2020-08-24T14:37:48","modified_gmt":"2020-08-24T14:37:48","slug":"bakery-products","status":"publish","type":"page","link":"https:\/\/babicadedek.si\/en\/offer\/bakery-products\/","title":{"rendered":"Bakery products"},"content":{"rendered":"<div class=\"wpb-content-wrapper\"><p>[vc_row][vc_column][rev_slider_vc alias=&#8221;pekovski-izdelki&#8221;][\/vc_column][\/vc_row][vc_row][vc_column]<h1 class='heading-middle  divider-lg' ><span>Bakery products<em class=\"heading-subtitle\">They are baked for you by:<\/em><\/span><\/h1>[vc_empty_space][vc_column_text]<\/p>\n<p style=\"text-align: center;\">Homemade biscuits and really special potica, delicacies made mainly manually, without the use of artificial preservatives and from selected quality ingredients&#8230; Can you already smell them? Nicely shaped, carefully put into bags and wrapped in foil, they are not just an eyeful, but they also have exceptional taste. Make your life sweeter!<\/p>\n<p>[\/vc_column_text][vc_empty_space height=&#8221;52px&#8221;][\/vc_column][\/vc_row][vc_row][vc_column width=&#8221;1\/2&#8243;][vc_column_text css=&#8221;.vc_custom_1553769269645{border-top-width: 1px !important;border-bottom-width: 1px !important;border-top-color: #000000 !important;border-top-style: solid !important;border-bottom-color: #000000 !important;border-bottom-style: solid !important;}&#8221;]<strong>Kmetija pr Dim\u0161ari, Ne\u017eka Dem\u0161ar<br \/>\n<\/strong>Krnice pri Novakih 9, 4224 Gorenja Vas<br \/>\n+386 (0)41 705 796<br \/>\nkmetijademsar@gmail.com<\/p>\n<p>MIXED BISCUITS[\/vc_column_text][vc_empty_space][vc_column_text css=&#8221;.vc_custom_1553769302887{border-top-width: 1px !important;border-bottom-width: 1px !important;border-top-color: #000000 !important;border-top-style: solid !important;border-bottom-color: #000000 !important;border-bottom-style: solid !important;}&#8221;]<strong>\u017dnidar\u010dkova doma\u010dija, Regina Eniko<br \/>\n<\/strong>Dobra\u010devska 23, 4226 \u017diri<br \/>\n+386 (0)41 769 782<br \/>\nregina.eniko@t-2.net<\/p>\n<p>WALNUT POTICA[\/vc_column_text][\/vc_column][vc_column width=&#8221;1\/2&#8243;][vc_column_text css=&#8221;.vc_custom_1553769285673{border-top-width: 1px !important;border-bottom-width: 1px !important;border-top-color: #000000 !important;border-top-style: solid !important;border-bottom-color: #000000 !important;border-bottom-style: solid !important;}&#8221;]<strong>Kmetija Pr Bukovcu, Alojz Krek<\/strong><br \/>\n\u017dirovski Vrh 44, 4226 \u017diri<br \/>\n+386 (0)31 795 902<br \/>\nmocnik.alenka1@gmail.com<\/p>\n<p>ALENKA\u2019S BISCUITS, ALENKA\u2019S WALNUTS[\/vc_column_text][vc_empty_space][vc_column_text css=&#8221;.vc_custom_1598279865120{border-top-width: 1px !important;border-bottom-width: 1px !important;border-top-color: #000000 !important;border-top-style: solid !important;border-bottom-color: #000000 !important;border-bottom-style: solid !important;}&#8221;]<strong>Kmetija Pr Petelin, Roman Bogataj<br \/>\n<\/strong>Gorenje Brdo 1, 4223 Poljane<br \/>\n+386 (0)31 353 699, +385 (0)31 348 344<br \/>\nrbogataj@gmail.com<br \/>\nwww.tincek-trgovina.com<\/p>\n<p>ROLLED BISCUITS, MIXED BISCUITS, BISCOTI[\/vc_column_text][\/vc_column][\/vc_row]<\/p>\n<\/div>","protected":false},"excerpt":{"rendered":"<p>[vc_row][vc_column][rev_slider_vc alias=&#8221;pekovski-izdelki&#8221;][\/vc_column][\/vc_row][vc_row][vc_column][vc_empty_space][vc_column_text] Homemade biscuits and really special potica, delicacies made mainly manually, without the use of artificial preservatives and from selected quality ingredients&#8230; Can you already smell them? Nicely shaped, carefully put into bags and wrapped in foil, they are&#8230;<\/p>\n","protected":false},"author":1,"featured_media":0,"parent":1120,"menu_order":0,"comment_status":"closed","ping_status":"closed","template":"","meta":{"_exactmetrics_skip_tracking":false,"_exactmetrics_sitenote_active":false,"_exactmetrics_sitenote_note":"","_exactmetrics_sitenote_category":0,"footnotes":""},"class_list":["post-1141","page","type-page","status-publish","hentry"],"_links":{"self":[{"href":"https:\/\/babicadedek.si\/en\/wp-json\/wp\/v2\/pages\/1141","targetHints":{"allow":["GET"]}}],"collection":[{"href":"https:\/\/babicadedek.si\/en\/wp-json\/wp\/v2\/pages"}],"about":[{"href":"https:\/\/babicadedek.si\/en\/wp-json\/wp\/v2\/types\/page"}],"author":[{"embeddable":true,"href":"https:\/\/babicadedek.si\/en\/wp-json\/wp\/v2\/users\/1"}],"replies":[{"embeddable":true,"href":"https:\/\/babicadedek.si\/en\/wp-json\/wp\/v2\/comments?post=1141"}],"version-history":[{"count":4,"href":"https:\/\/babicadedek.si\/en\/wp-json\/wp\/v2\/pages\/1141\/revisions"}],"predecessor-version":[{"id":1414,"href":"https:\/\/babicadedek.si\/en\/wp-json\/wp\/v2\/pages\/1141\/revisions\/1414"}],"up":[{"embeddable":true,"href":"https:\/\/babicadedek.si\/en\/wp-json\/wp\/v2\/pages\/1120"}],"wp:attachment":[{"href":"https:\/\/babicadedek.si\/en\/wp-json\/wp\/v2\/media?parent=1141"}],"curies":[{"name":"wp","href":"https:\/\/api.w.org\/{rel}","templated":true}]}}