{"id":1144,"date":"2019-03-25T11:10:31","date_gmt":"2019-03-25T10:10:31","guid":{"rendered":"http:\/\/babicadedek.si\/ponudba\/testenine\/"},"modified":"2020-08-24T14:42:12","modified_gmt":"2020-08-24T14:42:12","slug":"pasta","status":"publish","type":"page","link":"https:\/\/babicadedek.si\/en\/offer\/pasta\/","title":{"rendered":"Pasta"},"content":{"rendered":"<div class=\"wpb-content-wrapper\"><p>[vc_row][vc_column][rev_slider_vc alias=&#8221;testenine&#8221;][\/vc_column][\/vc_row][vc_row][vc_column]<h1 class='heading-middle  divider-lg' ><span>Pasta<em class=\"heading-subtitle\">Noodles and other pasta are offered by:<\/em><\/span><\/h1>[vc_empty_space][vc_column_text]<\/p>\n<p style=\"text-align: center;\">Noodles in soup or prepared as a side dish or a main dish are especially delicious if they are made from domestic eggs and quality stone mill flour. And the hand-cut noodles conjure a singular hint of familiarity. We recommend that you prepare them.<\/p>\n<p>[\/vc_column_text][vc_empty_space height=&#8221;52px&#8221;][\/vc_column][\/vc_row][vc_row][vc_column width=&#8221;1\/2&#8243;][vc_column_text css=&#8221;.vc_custom_1553769463340{border-top-width: 1px !important;border-bottom-width: 1px !important;border-top-color: #000000 !important;border-top-style: solid !important;border-bottom-color: #000000 !important;border-bottom-style: solid !important;}&#8221;]<strong>Magda Blaznik<br \/>\n<\/strong>Selca 75\/a, 4227 Selca<br \/>\n+386 (0)31 805 743<br \/>\nmagda.blaznik@gmail.com<\/p>\n<p>HOMEMADE PASTA[\/vc_column_text][vc_empty_space][vc_column_text css=&#8221;.vc_custom_1553769485184{border-top-width: 1px !important;border-bottom-width: 1px !important;border-top-color: #000000 !important;border-top-style: solid !important;border-bottom-color: #000000 !important;border-bottom-style: solid !important;}&#8221;]<strong>\u017dnidar\u010dkova doma\u010dija, Regina Eniko<br \/>\n<\/strong>Dobra\u010devska 23, 4226 \u017diri<br \/>\n+386 (0)41 769 782<br \/>\nregina.eniko@t-2.net<\/p>\n<p>SOUP NOODLES, HAND-CUT SPELT NOODLES, HAND-CUT WIDE NOODLES, HAND-CUT SQUARE NOODLES[\/vc_column_text][\/vc_column][vc_column width=&#8221;1\/2&#8243;][vc_column_text css=&#8221;.vc_custom_1598280111863{border-top-width: 1px !important;border-bottom-width: 1px !important;border-top-color: #000000 !important;border-top-style: solid !important;border-bottom-color: #000000 !important;border-bottom-style: solid !important;}&#8221;]<strong>Kmetija Pr \u0160upc, Petra Poto\u010dnik<\/strong><br \/>\nHotavlje 9, 4224 Gorenja Vas<br \/>\n+386 (0)41 245 219<br \/>\npetra.hotavlje@gmail.com<\/p>\n<p>HOMEMADE PASTA[\/vc_column_text][\/vc_column][\/vc_row]<\/p>\n<\/div>","protected":false},"excerpt":{"rendered":"<p>[vc_row][vc_column][rev_slider_vc alias=&#8221;testenine&#8221;][\/vc_column][\/vc_row][vc_row][vc_column][vc_empty_space][vc_column_text] Noodles in soup or prepared as a side dish or a main dish are especially delicious if they are made from domestic eggs and quality stone mill flour. And the hand-cut noodles conjure a singular hint of familiarity&#8230;.<\/p>\n","protected":false},"author":1,"featured_media":0,"parent":1120,"menu_order":0,"comment_status":"closed","ping_status":"closed","template":"","meta":{"_exactmetrics_skip_tracking":false,"_exactmetrics_sitenote_active":false,"_exactmetrics_sitenote_note":"","_exactmetrics_sitenote_category":0,"footnotes":""},"class_list":["post-1144","page","type-page","status-publish","hentry"],"_links":{"self":[{"href":"https:\/\/babicadedek.si\/en\/wp-json\/wp\/v2\/pages\/1144","targetHints":{"allow":["GET"]}}],"collection":[{"href":"https:\/\/babicadedek.si\/en\/wp-json\/wp\/v2\/pages"}],"about":[{"href":"https:\/\/babicadedek.si\/en\/wp-json\/wp\/v2\/types\/page"}],"author":[{"embeddable":true,"href":"https:\/\/babicadedek.si\/en\/wp-json\/wp\/v2\/users\/1"}],"replies":[{"embeddable":true,"href":"https:\/\/babicadedek.si\/en\/wp-json\/wp\/v2\/comments?post=1144"}],"version-history":[{"count":4,"href":"https:\/\/babicadedek.si\/en\/wp-json\/wp\/v2\/pages\/1144\/revisions"}],"predecessor-version":[{"id":1415,"href":"https:\/\/babicadedek.si\/en\/wp-json\/wp\/v2\/pages\/1144\/revisions\/1415"}],"up":[{"embeddable":true,"href":"https:\/\/babicadedek.si\/en\/wp-json\/wp\/v2\/pages\/1120"}],"wp:attachment":[{"href":"https:\/\/babicadedek.si\/en\/wp-json\/wp\/v2\/media?parent=1144"}],"curies":[{"name":"wp","href":"https:\/\/api.w.org\/{rel}","templated":true}]}}